{"id":56804,"date":"2025-02-07T10:50:37","date_gmt":"2025-02-07T10:50:37","guid":{"rendered":"https:\/\/sociedaddelainnovacion.es\/?page_id=56804"},"modified":"2025-02-07T10:50:39","modified_gmt":"2025-02-07T10:50:39","slug":"avis-legal","status":"publish","type":"page","link":"https:\/\/sociedaddelainnovacion.es\/ca\/avis-legal\/","title":{"rendered":"Av\u00eds Legal"},"content":{"rendered":"\n<p>El simple acc\u00e9s al Lloc web atribueix a qui el realitza la condici\u00f3 d\u2019Usuari del Lloc web (d\u2019ara endavant, \u201cl\u2019Usuari\u201d) i implica l\u2019acceptaci\u00f3 \u00edntegra d\u2019aquest Av\u00eds legal. En cas de no estar d\u2019acord amb aquest Av\u00eds legal, l\u2019Usuari ha d\u2019abandonar immediatament el Lloc web sense utilitzar-lo.<\/p>\n\n\n\n<p>Per mitj\u00e0 de l\u2019acceptaci\u00f3 d\u2019aquest Av\u00eds legal, l\u2019Usuari manifesta:<\/p>\n\n\n\n<ul class=\"wp-block-list\">\n<li>Que ha llegit, ent\u00e9n i compr\u00e8n l\u2019aqu\u00ed exposat.<br>Que assumeix totes les obligacions aqu\u00ed disposades.<\/li>\n<\/ul>\n\n\n\n<h2 class=\"wp-block-heading\"><strong>1. Informaci\u00f3 general del Lloc Web<\/strong><\/h2>\n\n\n\n<p>En compliment del que s\u2019estableix per l\u2019article 10 de la Llei 34\/2002, d\u201911 de juliol, de serveis de la societat de la informaci\u00f3 i de comer\u00e7 electr\u00f2nic, a continuaci\u00f3 s\u2019ofereix la informaci\u00f3 general del Lloc web:<\/p>\n\n\n\n<p>Titular: INNOVATION HOUSE, S.L. (d\u2019ara endavant referit pel seu nom comercial, \u201cSDLI\u201d).<\/p>\n\n\n\n<p>Seu i establiment: C\/Ballin, 13; A1, 08010 \u2013 Barcelona<\/p>\n\n\n\n<p>N.I.F.: B66909326<\/p>\n\n\n\n<p>E-mail: hola@sdli.es<\/p>\n\n\n\n<p>Tel\u00e8fon: 659551401<\/p>\n\n\n\n<p>Dades registrals: Inscrita en el Registre Mercantil de Barcelona, tom 45688, foli 166, fulla 495930, inscripci\u00f3 1.<\/p>\n\n\n\n<h2 class=\"wp-block-heading\"><strong>2. Normes d\u2019utilizaci\u00f3 del Lloc Web<\/strong><\/h2>\n\n\n\n<p>L\u2019Usuari s\u2019obliga a utilitzar el Lloc web i tot el seu contingut i serveis conforme al que s\u2019estableix en la llei, la moral, l\u2019ordre p\u00fablic i en aquest Av\u00eds legal. Aix\u00ed mateix, s\u2019obliga a fer un \u00fas adequat dels serveis i\/o continguts del Lloc web i a no emprar-los per a realitzar activitats il\u00b7l\u00edcites o constitutives de delicte, que atemptin contra els drets de tercers o que infringeixin qualsevol norma de l\u2019ordenament jur\u00eddic aplicable.<\/p>\n\n\n\n<p>L\u2019Usuari s\u2019obliga a no transmetre, introduir, difondre i\/o posar a la disposici\u00f3 de tercers qualsevol tipus de material i informaci\u00f3 (dades, continguts, missatges, dibuixos, arxius de so i imatge, fotografies, programari, etc.) que siguin contraris a la llei, la moral, l\u2019ordre p\u00fablic i aquest Av\u00eds legal. A t\u00edtol enunciatiu, i en cap cas limitatiu o excloent, l\u2019Usuari es compromet a:<\/p>\n\n\n\n<p>I.- No introduir o difondre continguts o propaganda de car\u00e0cter racista, xen\u00f2fob, pornogr\u00e0fic, d\u2019apologia del terrorisme o que atemptin contra els drets humans.<\/p>\n\n\n\n<p>II.- No introduir o difondre en la xarxa programes de dades (virus i programari nociu) susceptibles de provocar danys en els sistemes inform\u00e0tics del prove\u00efdor d\u2019acc\u00e9s, els seus prove\u00efdors o tercers Usuaris de la xarxa Internet.<\/p>\n\n\n\n<p>III.- No difondre, transmetre o posar a la disposici\u00f3 de tercers qualsevol tipus d\u2019informaci\u00f3, element o contingut que atempti contra els drets fonamentals i les llibertats p\u00fabliques reconeguts constitucionalment i en els tractats internacionals.<\/p>\n\n\n\n<p>IV.- No difondre, transmetre o posar a la disposici\u00f3 de tercers qualsevol tipus d\u2019informaci\u00f3, element o contingut que constitueixi publicitat il\u00b7l\u00edcita o deslleial.<\/p>\n\n\n\n<p>V.- No transmetre publicitat no sol\u00b7licitada o autoritzada, material publicitari, \u201ccorreu escombraries\u201d, \u201ccartes en cadena\u201d, \u201cestructures piramidals\u201d, o qualsevol altra forma de sol\u00b7licitaci\u00f3, excepte en aquelles \u00e0rees (com ara espais comercials) que hagin estat exclusivament concebudes per a aix\u00f2.<\/p>\n\n\n\n<p>VI.- No introduir o difondre qualsevol informaci\u00f3 i continguts falsos, ambigus o inexactes de manera que indueixi a error als receptors de la informaci\u00f3.<\/p>\n\n\n\n<p>VII.- No suplantar a altres Usuaris utilitzant les seves claus de registre per a accedir als diferents serveis i\/o continguts del Lloc web que el requereixin.<\/p>\n\n\n\n<p>VIII.- No difondre, transmetre o posar a la disposici\u00f3 de tercers qualsevol tipus d\u2019informaci\u00f3, element o contingut que suposi una violaci\u00f3 dels drets de propietat intel\u00b7lectual i industrial, patents, marques o copyright que corresponguin als titulars del Lloc web o a tercers.IX.- No difondre, transmetre o posar a la disposici\u00f3 de tercers qualsevol tipus d\u2019informaci\u00f3, element o contingut que suposi una violaci\u00f3 del secret de les comunicacions i la legislaci\u00f3 de dades de car\u00e0cter personal.<\/p>\n\n\n\n<p>L\u2019Usuari s\u2019obliga a mantenir completament indemne a SDLI davant qualsevol possible reclamaci\u00f3, multa, pena o sanci\u00f3 que pugui venir obligada a suportar a conseq\u00fc\u00e8ncia de l\u2019incompliment per part de l\u2019Usuari de qualsevol de les normes d\u2019utilitzaci\u00f3 abans indicades, reservant-se SDLI, a m\u00e9s, el dret a sol\u00b7licitar la indemnitzaci\u00f3 per danys i perjudicis que correspongui.<\/p>\n\n\n\n<h2 class=\"wp-block-heading\"><strong>3. Exclusi\u00f3 de responsabilitat<\/strong><\/h2>\n\n\n\n<p>L\u2019acc\u00e9s de l\u2019Usuari al Lloc web no implica per a SDLI l\u2019obligaci\u00f3 de controlar l\u2019abs\u00e8ncia de virus, cucs o qualsevol altre element inform\u00e0tic nociu. Correspon a l\u2019Usuari, en tot cas, la disponibilitat d\u2019eines adequades per a la detecci\u00f3 i desinfecci\u00f3 de programes inform\u00e0tics nocius.<\/p>\n\n\n\n<p>SDLI no es responsabilitza dels danys produ\u00efts en el programari i\/o equips inform\u00e0tics de l\u2019Usuari o de tercers durant la utilitzaci\u00f3 dels serveis oferts en el Lloc web o la navegaci\u00f3 per aquest.<\/p>\n\n\n\n<p>SDLI no es responsabilitza dels danys o perjudicis de qualsevol tipus produ\u00efts en l\u2019Usuari que portin causa de fallades o desconnexions en les xarxes de telecomunicacions que produeixin la suspensi\u00f3, cancel\u00b7laci\u00f3 o interrupci\u00f3 del servei del Lloc web durant la prestaci\u00f3 del mateix o amb car\u00e0cter previ.<\/p>\n\n\n\n<h2 class=\"wp-block-heading\"><strong>4. Continguts i serveis enlla\u00e7ats a trav\u00e9s del Lloc Web<\/strong><\/h2>\n\n\n\n<p>El Lloc web pot contenir dispositius t\u00e8cnics d\u2019enlla\u00e7, directoris i fins i tot instruments de cerca que permetin a l\u2019Usuari accedir a altres p\u00e0gines i portals d\u2019Internet (d\u2019ara endavant, \u201cLlocs Enlla\u00e7ats\u201d). En aquests casos, SDLI nom\u00e9s ser\u00e0 responsable dels continguts i serveis subministrats en els Llocs Enlla\u00e7ats en la mesura en qu\u00e8 tingui coneixement efectiu de la seva il\u00b7licitud i no hagi desactivat l\u2019enlla\u00e7 amb la dilig\u00e8ncia deguda. En el cas que l\u2019Usuari consideri que existeix un Lloc Enlla\u00e7at amb continguts il\u00b7l\u00edcits o inadequats podr\u00e0 comunicar-lo a SDLI, sense que en cap cas aquesta comunicaci\u00f3 suposi per a SDLI l\u2019obligaci\u00f3 de retirar el corresponent enlla\u00e7.<\/p>\n\n\n\n<p>En cap cas l\u2019exist\u00e8ncia de Llocs Enlla\u00e7ats ha de pressuposar la formalitzaci\u00f3 d\u2019acords entre SDLI i els responsables o titulars d\u2019aquests, ni la recomanaci\u00f3, promoci\u00f3 o identificaci\u00f3 de SDLI amb les manifestacions, continguts o serveis prove\u00efts per aquests Llocs Enlla\u00e7ats.<\/p>\n\n\n\n<p>Tret que s\u2019indiqui expressament el contrari en el Lloc web, SDLI no coneix els continguts i serveis dels Llocs Enlla\u00e7ats i, per tant, no es fa responsable dels danys que puguin produir la il\u00b7licitud, qualitat, desactualizaci\u00f3n, indisponibilitat, error i inutilitat dels continguts i\/o serveis dels Llocs Enlla\u00e7ats, incloent-hi qualsevol altre mal que no sigui directament imputable a SDLI.<\/p>\n\n\n\n<h2 class=\"wp-block-heading\"><strong>5. Propietat intel\u00b7lectual i industrial<\/strong><\/h2>\n\n\n\n<p>Tots els continguts del Lloc web, entenent per aquests, a t\u00edtol merament enunciatiu, els textos, documents, fotografies, gr\u00e0fics, imatges, icones, tecnologia, programari, links i altres continguts audiovisuals o sonors, aix\u00ed com el seu disseny gr\u00e0fic i codi font, s\u00f3n propietat intel\u00b7lectual de SDLI o de tercers, sense que puguin entendre\u2019s cedits a l\u2019Usuari cap dels drets d\u2019explotaci\u00f3 reconeguts per la normativa vigent en mat\u00e8ria de propietat intel\u00b7lectual sobre aquests.<\/p>\n\n\n\n<p>L\u2019Usuari manifesta ser l\u2019\u00fanic autor de totes les fotografies, imatges, textos i\/o comentaris (d\u2019ara endavant, \u201cels Continguts\u201d) que publiqui en el Lloc web o envi\u00ef a trav\u00e9s d\u2019aquest, garantint que l\u2019\u00fas dels mateixos en el Lloc web no infringeix els drets de cap tercer. Sobre aquests Continguts, l\u2019Usuari cedeix gratu\u00eftament a SDLI els drets de comunicaci\u00f3 p\u00fablica, reproducci\u00f3, distribuci\u00f3 i transformaci\u00f3, en totes les modalitats d\u2019explotaci\u00f3 existents fins a la data d\u2019acceptaci\u00f3 d\u2019aquest Av\u00eds legal. Aquesta cessi\u00f3 s\u2019efectua per a l\u2019\u00e0mbit territorial universal i pel temps corresponent a tota la vida de l\u2019Usuari i setanta anys despr\u00e9s de la seva mort o declaraci\u00f3 de defunci\u00f3.<\/p>\n\n\n\n<p>Les marques, noms comercials o signes distintius publicats en el Lloc web s\u00f3n titularitat de SDLI o tercers, sense que pugui entendre\u2019s atribu\u00eft a l\u2019Usuari dret algun sobre aquests.<\/p>\n\n\n\n<h2 class=\"wp-block-heading\"><strong>6. Nulitat i ineficacia de les cl\u00e0usules<\/strong><\/h2>\n\n\n\n<p>Si qualsevol cl\u00e0usula inclosa en aquest Av\u00eds legal fos declarada totalment o parcialment nul\u00b7la o inefica\u00e7, tal nul\u00b7litat o inefic\u00e0cia tan sols afectar\u00e0 aquesta disposici\u00f3 o a la part de la mateixa que resulti nul\u00b7la o inefica\u00e7, subsistint l\u2019Av\u00eds legal en tota la resta i considerant-se tal disposici\u00f3 totalment o parcialment per no inclosa.<\/p>\n\n\n\n<h2 class=\"wp-block-heading\"><strong>7. Legislaci\u00f3 aplicable i jurisdicci\u00f3 competent<\/strong><\/h2>\n\n\n\n<p>Aquest Av\u00eds legal es regir\u00e0 i interpretar\u00e0 conforme a la legislaci\u00f3 espanyola. En cas de litigi entre SDLI i l\u2019Usuari, seran competents els jutjats i tribunals de la ciutat de Barcelona, tret que la legislaci\u00f3 aplicable estableixi for\u00e7osament una altra cosa.<\/p>\n\n\n\n<p>o lo dem\u00e1s y consider\u00e1ndose tal disposici\u00f3n total o parcialmente por no incluida.<\/p>\n","protected":false},"excerpt":{"rendered":"<p>El simple acc\u00e9s al Lloc web atribueix a qui el realitza la condici\u00f3 d\u2019Usuari del Lloc web (d\u2019ara endavant, \u201cl\u2019Usuari\u201d) i implica l\u2019acceptaci\u00f3 \u00edntegra d\u2019aquest Av\u00eds legal. En cas de no estar d\u2019acord amb aquest Av\u00eds legal, l\u2019Usuari ha d\u2019abandonar immediatament el Lloc web sense utilitzar-lo. Per mitj\u00e0 de l\u2019acceptaci\u00f3 d\u2019aquest Av\u00eds legal, l\u2019Usuari manifesta:<\/p>\n","protected":false},"author":1,"featured_media":0,"parent":0,"menu_order":0,"comment_status":"closed","ping_status":"closed","template":"","meta":{"_acf_changed":false,"footnotes":""},"class_list":["post-56804","page","type-page","status-publish","hentry"],"acf":[],"_links":{"self":[{"href":"https:\/\/sociedaddelainnovacion.es\/ca\/wp-json\/wp\/v2\/pages\/56804","targetHints":{"allow":["GET"]}}],"collection":[{"href":"https:\/\/sociedaddelainnovacion.es\/ca\/wp-json\/wp\/v2\/pages"}],"about":[{"href":"https:\/\/sociedaddelainnovacion.es\/ca\/wp-json\/wp\/v2\/types\/page"}],"author":[{"embeddable":true,"href":"https:\/\/sociedaddelainnovacion.es\/ca\/wp-json\/wp\/v2\/users\/1"}],"replies":[{"embeddable":true,"href":"https:\/\/sociedaddelainnovacion.es\/ca\/wp-json\/wp\/v2\/comments?post=56804"}],"version-history":[{"count":0,"href":"https:\/\/sociedaddelainnovacion.es\/ca\/wp-json\/wp\/v2\/pages\/56804\/revisions"}],"wp:attachment":[{"href":"https:\/\/sociedaddelainnovacion.es\/ca\/wp-json\/wp\/v2\/media?parent=56804"}],"curies":[{"name":"wp","href":"https:\/\/api.w.org\/{rel}","templated":true}]}}