{"id":56817,"date":"2018-07-27T07:40:57","date_gmt":"2018-07-27T07:40:57","guid":{"rendered":"https:\/\/sociedaddelainnovacion.es\/inici\/"},"modified":"2025-03-22T12:07:46","modified_gmt":"2025-03-22T12:07:46","slug":"inici","status":"publish","type":"page","link":"https:\/\/sociedaddelainnovacion.es\/ca\/","title":{"rendered":"Inici"},"content":{"rendered":"<div class=\"wpb-content-wrapper\"><p>[vc_row css=&#8221;.vc_custom_1543577700133{padding-top: 0px !important;padding-bottom: 80px !important;background-color: #ffffff !important;}&#8221;][vc_column css=&#8221;.vc_custom_1738867403468{margin-top: 20px !important;}&#8221;]<div class=\"independent-banner banner-layout-7 independent-block-css-1 independent-banner-as-bg\"><input type=\"hidden\" class=\"news-block-css-options\" data-options=\"{&quot;block_style&quot;:&quot;.independent-block-css-1 .banner-grid-item{ padding: 2px; } .independent-block-css-1 .banner-grid-parent{ margin: -2px; }&quot;}\" \/><div class=\"banner-grid-parent clearfix\">\r\n\t\t\t\t\t<div class=\"banner-inner-parent banner-grid-itemw4\">\r\n\t\t\t\t\t\t<div class=\"banner-grid-item banner-grid-25x50 \">\r\n\t\t\t\t\t<div class=\"banner-post-grid hvr-overlay-wrapper typo-white details-top-left\"><div class=\"banner-grid-thumb\"><a href=\"https:\/\/sociedaddelainnovacion.es\/ca\/7-arquetips-dinnovacio-en-salut\/\" rel=\"bookmark\"><span class=\"banner-as-bg\" data-src=\"https:\/\/sociedaddelainnovacion.es\/wp-content\/uploads\/2026\/04\/ChatGPT-Image-1-abr-2026-15_18_00-1170x694.png\"><\/span><span class=\"gradient-black-overlay\"><\/span><\/a><\/div><div class=\"banner-grid-details text-default\"><a href=\"https:\/\/sociedaddelainnovacion.es\/ca\/category\/innovacio-en-salut\/\" class=\"cat-tag-209 typo-white category-tag\" >Innovaci\u00f3 en Salut<\/a><h5 class=\"banner-post-title\"><a href=\"https:\/\/sociedaddelainnovacion.es\/ca\/7-arquetips-dinnovacio-en-salut\/\" rel=\"bookmark\">7 arquetips d\u2019innovaci\u00f3 en salut: quin \u00e9s el teu?<\/a><\/h5><\/div><\/div><!--block-post-grid-->\r\n\t\t\t\t\t<\/div>\r\n\t\t\t\t\t\t<div class=\"banner-grid-item banner-grid-25x50 \">\r\n\t\t\t\t\t<div class=\"banner-post-grid hvr-overlay-wrapper typo-white details-top-left\"><div class=\"banner-grid-thumb\"><a href=\"https:\/\/sociedaddelainnovacion.es\/ca\/4yfn-2026\/\" rel=\"bookmark\"><span class=\"banner-as-bg\" data-src=\"https:\/\/sociedaddelainnovacion.es\/wp-content\/uploads\/2026\/03\/ChatGPT-Image-25-mar-2026-16_46_38-1-1170x694.png\"><\/span><span class=\"gradient-black-overlay\"><\/span><\/a><\/div><div class=\"banner-grid-details text-default\"><a href=\"https:\/\/sociedaddelainnovacion.es\/ca\/category\/esdeveniments-dinnovacio\/\" class=\"cat-tag-1003 typo-white category-tag\" >Esdeveniments d&#039;Innovaci\u00f3<\/a><h5 class=\"banner-post-title\"><a href=\"https:\/\/sociedaddelainnovacion.es\/ca\/4yfn-2026\/\" rel=\"bookmark\">4YFN 2026: on la innovaci\u00f3 es converteix en connexi\u00f3, col\u00b7laboraci\u00f3 i impacte<\/a><\/h5><\/div><\/div><!--block-post-grid-->\r\n\t\t\t\t\t<\/div>\r\n\t\t\t\t\t<\/div>\r\n\t\t\t\t\t\t<div class=\"banner-grid-item banner-grid-25x100  banner-grid-itemw2\">\r\n\t\t\t\t\t<div class=\"banner-post-grid hvr-overlay-wrapper typo-white details-top-left\"><div class=\"banner-grid-thumb\"><a href=\"https:\/\/sociedaddelainnovacion.es\/ca\/innovar-als-hospitals-de-projectes-puntuals-a-sistemes-amb-impacte-real\/\" rel=\"bookmark\"><span class=\"banner-as-bg\" data-src=\"https:\/\/sociedaddelainnovacion.es\/wp-content\/uploads\/2026\/02\/ChatGPT-Image-23-feb-2026-10_18_27-1170x694.png\"><\/span><span class=\"gradient-black-overlay\"><\/span><\/a><\/div><div class=\"banner-grid-details text-default\"><a href=\"https:\/\/sociedaddelainnovacion.es\/ca\/category\/innovacio-en-salut\/\" class=\"cat-tag-209 typo-white category-tag\" >Innovaci\u00f3 en Salut<\/a><h3 class=\"banner-post-title\"><a href=\"https:\/\/sociedaddelainnovacion.es\/ca\/innovar-als-hospitals-de-projectes-puntuals-a-sistemes-amb-impacte-real\/\" rel=\"bookmark\">Innovar als hospitals: de projectes puntuals a sistemes amb impacte real<\/a><\/h3><p class=\"banner-author-meta\"><a class=\"author-link\" rel=\"bookmark\" href=\"https:\/\/sociedaddelainnovacion.es\/ca\/author\/joan\/\">Joan Ras<\/a><a class=\"banner-date\" href=\"https:\/\/sociedaddelainnovacion.es\/ca\/2026\/02\/26\/\" ><span class=\"before-icon fa fa-clock-o\"><\/span><span>26 de febrer de 2026<\/span><\/a><\/p><\/div><\/div><!--block-post-grid-->\r\n\t\t\t\t\t<\/div>\r\n\t\t\t\t\t<div class=\"banner-inner-parent banner-grid-itemw4\">\r\n\t\t\t\t\t\t<div class=\"banner-grid-item banner-grid-25x50 \">\r\n\t\t\t\t\t<div class=\"banner-post-grid hvr-overlay-wrapper typo-white details-top-left\"><div class=\"banner-grid-thumb\"><a href=\"https:\/\/sociedaddelainnovacion.es\/ca\/aprenentatges-del-south-summit-bilbao-bizkaia\/\" rel=\"bookmark\"><span class=\"banner-as-bg\" data-src=\"https:\/\/sociedaddelainnovacion.es\/wp-content\/uploads\/2026\/02\/ChatGPT-Image-3-feb-2026-11_58_05-1170x694.png\"><\/span><span class=\"gradient-black-overlay\"><\/span><\/a><\/div><div class=\"banner-grid-details text-default\"><a href=\"https:\/\/sociedaddelainnovacion.es\/ca\/category\/esdeveniments-dinnovacio\/\" class=\"cat-tag-1003 typo-white category-tag\" >Esdeveniments d&#039;Innovaci\u00f3<\/a><h5 class=\"banner-post-title\"><a href=\"https:\/\/sociedaddelainnovacion.es\/ca\/aprenentatges-del-south-summit-bilbao-bizkaia\/\" rel=\"bookmark\">Aprenentatges del South Summit Bilbao Bizkaia<\/a><\/h5><\/div><\/div><!--block-post-grid-->\r\n\t\t\t\t\t<\/div>\r\n\t\t\t\t\t\t<div class=\"banner-grid-item banner-grid-25x50 \">\r\n\t\t\t\t\t<div class=\"banner-post-grid hvr-overlay-wrapper typo-white details-top-left\"><div class=\"banner-grid-thumb\"><a href=\"https:\/\/sociedaddelainnovacion.es\/ca\/innovacio-i-cultura-innovadora-com-a-motor-del-compromis-en-lorganitzacio\/\" rel=\"bookmark\"><span class=\"banner-as-bg\" data-src=\"https:\/\/sociedaddelainnovacion.es\/wp-content\/uploads\/2026\/01\/ChatGPT-Image-7-ene-2026-12_49_17-1170x694.png\"><\/span><span class=\"gradient-black-overlay\"><\/span><\/a><\/div><div class=\"banner-grid-details text-default\"><a href=\"https:\/\/sociedaddelainnovacion.es\/ca\/category\/cultura-dinnovacio\/\" class=\"cat-tag-191 typo-white category-tag\" >Cultura d&#039;Innovaci\u00f3<\/a><h5 class=\"banner-post-title\"><a href=\"https:\/\/sociedaddelainnovacion.es\/ca\/innovacio-i-cultura-innovadora-com-a-motor-del-compromis-en-lorganitzacio\/\" rel=\"bookmark\">Innovaci\u00f3 i cultura innovadora com a motor del comprom\u00eds en l&#8217;organitzaci\u00f3<\/a><\/h5><\/div><\/div><!--block-post-grid-->\r\n\t\t\t\t\t<\/div>\r\n\t\t\t\t\t<\/div>\r\n\t\t\t\t<\/div><\/div><!--independent-banner-->[\/vc_column][\/vc_row][vc_row css=&#8221;.vc_custom_1543577149851{padding-top: 25px !important;padding-bottom: 45px !important;background-color: #ffffff !important;}&#8221;][vc_column css=&#8221;.vc_custom_1534165059881{padding-top: 0px !important;}&#8221;][vc_basic_grid post_type=&#8221;post&#8221; max_items=&#8221;12&#8243; gap=&#8221;15&#8243; item=&#8221;56671&#8243; initial_loading_animation=&#8221;none&#8221; css=&#8221;.vc_custom_1742645251983{margin-top: -100px !important;margin-bottom: 0px !important;padding-top: 0px !important;}&#8221; grid_id=&#8221;vc_gid:1742645141501-96635972-2cbe-2&#8243; offset=&#8221;5&#8243;][vc_column_text css=&#8221;&#8221;]<\/p>\n<h5 style=\"text-align: center;\"><a class=\"btn btn-secondary zozo-mc\" href=\"https:\/\/sociedaddelainnovacion.es\/ca\/tots-els-articles-sdli\/\">Tots el articles de SDLI<\/a><\/h5>\n<p>[\/vc_column_text][\/vc_column][\/vc_row]<\/p>\n<\/div>","protected":false},"excerpt":{"rendered":"<p>[vc_row css=&#8221;.vc_custom_1543577700133{padding-top: 0px !important;padding-bottom: 80px !important;background-color: #ffffff !important;}&#8221;][vc_column css=&#8221;.vc_custom_1738867403468{margin-top: 20px !important;}&#8221;][\/vc_column][\/vc_row][vc_row css=&#8221;.vc_custom_1543577149851{padding-top: 25px !important;padding-bottom: 45px !important;background-color: #ffffff !important;}&#8221;][vc_column css=&#8221;.vc_custom_1534165059881{padding-top: 0px !important;}&#8221;][vc_basic_grid post_type=&#8221;post&#8221; max_items=&#8221;12&#8243; gap=&#8221;15&#8243; item=&#8221;56671&#8243; initial_loading_animation=&#8221;none&#8221; css=&#8221;.vc_custom_1742645251983{margin-top: -100px !important;margin-bottom: 0px !important;padding-top: 0px !important;}&#8221; grid_id=&#8221;vc_gid:1742645141501-96635972-2cbe-2&#8243; offset=&#8221;5&#8243;][vc_column_text css=&#8221;&#8221;] Tots el articles de SDLI [\/vc_column_text][\/vc_column][\/vc_row]<\/p>\n","protected":false},"author":1,"featured_media":0,"parent":0,"menu_order":0,"comment_status":"closed","ping_status":"closed","template":"","meta":{"_acf_changed":false,"footnotes":""},"class_list":["post-56817","page","type-page","status-publish","hentry"],"acf":[],"_links":{"self":[{"href":"https:\/\/sociedaddelainnovacion.es\/ca\/wp-json\/wp\/v2\/pages\/56817","targetHints":{"allow":["GET"]}}],"collection":[{"href":"https:\/\/sociedaddelainnovacion.es\/ca\/wp-json\/wp\/v2\/pages"}],"about":[{"href":"https:\/\/sociedaddelainnovacion.es\/ca\/wp-json\/wp\/v2\/types\/page"}],"author":[{"embeddable":true,"href":"https:\/\/sociedaddelainnovacion.es\/ca\/wp-json\/wp\/v2\/users\/1"}],"replies":[{"embeddable":true,"href":"https:\/\/sociedaddelainnovacion.es\/ca\/wp-json\/wp\/v2\/comments?post=56817"}],"version-history":[{"count":0,"href":"https:\/\/sociedaddelainnovacion.es\/ca\/wp-json\/wp\/v2\/pages\/56817\/revisions"}],"wp:attachment":[{"href":"https:\/\/sociedaddelainnovacion.es\/ca\/wp-json\/wp\/v2\/media?parent=56817"}],"curies":[{"name":"wp","href":"https:\/\/api.w.org\/{rel}","templated":true}]}}